{"id":21,"date":"2015-07-25T09:44:15","date_gmt":"2015-07-25T09:44:15","guid":{"rendered":"http:\/\/localhost\/wordpress\/?page_id=21"},"modified":"2017-03-09T06:40:09","modified_gmt":"2017-03-09T06:40:09","slug":"willkommen","status":"publish","type":"page","link":"https:\/\/www.wohlfuehlen.li\/","title":{"rendered":"Tauchen Sie ein&#8230;"},"content":{"rendered":"<p><em>&#8222;&#8230;in eine andere Welt der inneren Ruhe und des Wohlbefindens. Geniessen Sie die ausgleichenden und gesunden, entspannenden und wohltuenden Massagen und erwachen Sie in einem neuen Gl\u00fccksgef\u00fchl.&#8220;<\/em><\/p>\n<p>&nbsp;<\/p>\n<p style=\"text-align: left;\">Verschiedene Massagen bauen nicht nur Stress ab, sie lindern auch bestehende Muskelverspannungen und Verh\u00e4rtungen. Sie wirken st\u00e4rkend auf das Immunsystem und lassen ein wohliges Gef\u00fchl im gesamten K\u00f6rper sp\u00fcrbar werden.<\/p>\n<p><a href=\"http:\/\/wohlfuehlen.li\/wp-content\/uploads\/2015\/07\/DSC07827.jpg\"><img loading=\"lazy\" decoding=\"async\" class=\"image_left alignleft wp-image-99\" src=\"http:\/\/www.wohlfuehlen.li\/wp-content\/uploads\/2015\/07\/DSC07827-300x225.jpg\" alt=\"DSC07827\" width=\"220\" height=\"165\" srcset=\"https:\/\/www.wohlfuehlen.li\/wp-content\/uploads\/2015\/07\/DSC07827-300x225.jpg 300w, https:\/\/www.wohlfuehlen.li\/wp-content\/uploads\/2015\/07\/DSC07827-1024x768.jpg 1024w\" sizes=\"auto, (max-width: 220px) 100vw, 220px\" \/><\/a><a href=\"http:\/\/wohlfuehlen.li\/wp-content\/uploads\/2015\/07\/DSC07824.jpg\"><img loading=\"lazy\" decoding=\"async\" class=\"image_left alignleft wp-image-100\" src=\"http:\/\/www.wohlfuehlen.li\/wp-content\/uploads\/2015\/07\/DSC07824-300x225.jpg\" alt=\"DSC07824\" width=\"220\" height=\"165\" srcset=\"https:\/\/www.wohlfuehlen.li\/wp-content\/uploads\/2015\/07\/DSC07824-300x225.jpg 300w, https:\/\/www.wohlfuehlen.li\/wp-content\/uploads\/2015\/07\/DSC07824-1024x768.jpg 1024w\" sizes=\"auto, (max-width: 220px) 100vw, 220px\" \/><\/a><\/p>\n<p><img loading=\"lazy\" decoding=\"async\" class=\"image_left alignleft wp-image-48\" src=\"http:\/\/www.wohlfuehlen.li\/wp-content\/uploads\/2015\/07\/IMG_3921_NEU-300x200.jpg\" alt=\"IMG_3921_NEU\" width=\"220\" height=\"147\" srcset=\"https:\/\/www.wohlfuehlen.li\/wp-content\/uploads\/2015\/07\/IMG_3921_NEU-300x200.jpg 300w, https:\/\/www.wohlfuehlen.li\/wp-content\/uploads\/2015\/07\/IMG_3921_NEU.jpg 1024w\" sizes=\"auto, (max-width: 220px) 100vw, 220px\" \/><\/p>\n<p>&nbsp;<\/p>\n<p>&nbsp;<\/p>\n<p>&nbsp;<\/p>\n<p>&nbsp;<\/p>\n<p>&nbsp;<\/p>\n<p>&nbsp;<\/p>\n<p><span style=\"margin: 0px; font-family: 'Arial',sans-serif; font-size: 10.5pt;\"><span style=\"margin: 0px; font-family: 'Arial',sans-serif;\">\u00a0<\/span><\/span><\/p>\n<p>&nbsp;<\/p>\n<p>&nbsp;<\/p>\n","protected":false},"excerpt":{"rendered":"<p>&#8222;&#8230;in eine andere Welt der inneren Ruhe und des Wohlbefindens. Geniessen Sie die ausgleichenden und gesunden, entspannenden und wohltuenden Massagen und erwachen Sie in einem neuen Gl\u00fccksgef\u00fchl.&#8220; &nbsp; Verschiedene Massagen bauen nicht nur Stress ab, sie lindern auch bestehende Muskelverspannungen und Verh\u00e4rtungen. Sie wirken st\u00e4rkend auf das Immunsystem und lassen ein wohliges Gef\u00fchl im gesamten [&hellip;]<\/p>\n","protected":false},"author":1,"featured_media":0,"parent":0,"menu_order":0,"comment_status":"open","ping_status":"open","template":"","meta":{"footnotes":""},"class_list":["post-21","page","type-page","status-publish","hentry"],"_links":{"self":[{"href":"https:\/\/www.wohlfuehlen.li\/index.php?rest_route=\/wp\/v2\/pages\/21","targetHints":{"allow":["GET"]}}],"collection":[{"href":"https:\/\/www.wohlfuehlen.li\/index.php?rest_route=\/wp\/v2\/pages"}],"about":[{"href":"https:\/\/www.wohlfuehlen.li\/index.php?rest_route=\/wp\/v2\/types\/page"}],"author":[{"embeddable":true,"href":"https:\/\/www.wohlfuehlen.li\/index.php?rest_route=\/wp\/v2\/users\/1"}],"replies":[{"embeddable":true,"href":"https:\/\/www.wohlfuehlen.li\/index.php?rest_route=%2Fwp%2Fv2%2Fcomments&post=21"}],"version-history":[{"count":76,"href":"https:\/\/www.wohlfuehlen.li\/index.php?rest_route=\/wp\/v2\/pages\/21\/revisions"}],"predecessor-version":[{"id":364,"href":"https:\/\/www.wohlfuehlen.li\/index.php?rest_route=\/wp\/v2\/pages\/21\/revisions\/364"}],"wp:attachment":[{"href":"https:\/\/www.wohlfuehlen.li\/index.php?rest_route=%2Fwp%2Fv2%2Fmedia&parent=21"}],"curies":[{"name":"wp","href":"https:\/\/api.w.org\/{rel}","templated":true}]}}