{"id":18,"date":"2015-07-25T09:39:10","date_gmt":"2015-07-25T09:39:10","guid":{"rendered":"http:\/\/localhost\/wordpress\/?page_id=18"},"modified":"2017-03-11T06:22:44","modified_gmt":"2017-03-11T06:22:44","slug":"ueber-mich","status":"publish","type":"page","link":"https:\/\/www.wohlfuehlen.li\/?page_id=18","title":{"rendered":"\u00dcber mich"},"content":{"rendered":"<p><strong>Dipl. Gesundheitsmasseurin \/ Dipl. Fusspflegerin SFPV \/ Dipl. ganzheitliche K\u00f6rperpflegerin nach Dr. h. c. Peter Jentschura<\/strong><\/p>\n<p>&nbsp;<\/p>\n<p><a href=\"http:\/\/wohlfuehlen.li\/wp-content\/uploads\/2015\/07\/SDI7660_NEU.jpg\"><img loading=\"lazy\" decoding=\"async\" class=\"image_right alignright wp-image-53 size-medium\" src=\"http:\/\/wohlfuehlen.li\/wp-content\/uploads\/2015\/07\/SDI7660_NEU-200x300.jpg\" alt=\"_SDI7660_NEU\" width=\"200\" height=\"300\" srcset=\"https:\/\/www.wohlfuehlen.li\/wp-content\/uploads\/2015\/07\/SDI7660_NEU-200x300.jpg 200w, https:\/\/www.wohlfuehlen.li\/wp-content\/uploads\/2015\/07\/SDI7660_NEU.jpg 683w\" sizes=\"auto, (max-width: 200px) 100vw, 200px\" \/><\/a><\/p>\n<p><em>&#8222;Ich heisse Karoline Nider\u00f6st-Ott, geboren und aufgewachsen in Schaan. Schon seit der Jugend ist Wellness mein Wegbegleiter. Der Wunsch im Wellnessbereich einen Beruf zu erlernen wurde in den letzten Jahren immer gr\u00f6sser.<\/em><\/p>\n<p><em>Im\u00a0Jahr 2013 habe ich mit diversen Ausbildungen begonnen\u00a0und erfolgreich abgeschlossen:<\/em><\/p>\n<p><em>&#8211; M\u00e4rz 2013: Dornmethode\/Breuss-Massage<\/em><\/p>\n<p><em>&#8211; Juni 2013: Fussreflexzonenmassage<\/em><\/p>\n<p><em>&#8211; Oktober 2014: schulmedizinische Grundlagen<\/em><\/p>\n<p><em>&#8211; November 2014: klassische Massage<\/em><\/p>\n<p><em>In der Zwischenzeit habe ich\u00a0mich zur dipl. Fusspflegerin-Pedicure ausbilden lassen\u00a0und bin nun auch\u00a0Mitglied beim Schweizerischen Fusspflegeverband (SFPV). Meine eigene Massagepraxis f\u00fchre ich seit April 2014. <\/em><\/p>\n<p><em>Es w\u00fcrde mich freuen, dich in meiner Praxis begr\u00fcssen zu d\u00fcrfen.<\/em><\/p>\n<p><em>Bis bald,<\/em><\/p>\n<p><em>Karoline&#8220;<\/em><\/p>\n<p>&nbsp;<\/p>\n<p>&nbsp;<\/p>\n<p>&nbsp;<\/p>\n<h2><strong>Ausbildungen \/ Bewilligungen<\/strong><\/h2>\n<p><strong>Massagen<br \/>\n<\/strong>Naturheil Zentrum AG, 9492 Eschen (inkl. schulmedizinische Grundlagen, 200 Stunden)<\/p>\n<p><a href=\"http:\/\/wohlfuehlen.li\/wp-content\/uploads\/2015\/07\/Zertifikat-Fussreflexzonenmassage.jpeg\"><img loading=\"lazy\" decoding=\"async\" class=\"image_left alignleft wp-image-174 size-medium\" src=\"http:\/\/wohlfuehlen.li\/wp-content\/uploads\/2015\/07\/Zertifikat-Fussreflexzonenmassage-218x300.jpeg\" alt=\"Zertifikat Fussreflexzonenmassage\" width=\"218\" height=\"300\" srcset=\"https:\/\/www.wohlfuehlen.li\/wp-content\/uploads\/2015\/07\/Zertifikat-Fussreflexzonenmassage-218x300.jpeg 218w, https:\/\/www.wohlfuehlen.li\/wp-content\/uploads\/2015\/07\/Zertifikat-Fussreflexzonenmassage-745x1024.jpeg 745w, https:\/\/www.wohlfuehlen.li\/wp-content\/uploads\/2015\/07\/Zertifikat-Fussreflexzonenmassage.jpeg 1700w\" sizes=\"auto, (max-width: 218px) 100vw, 218px\" \/><\/a><\/p>\n<p><a href=\"http:\/\/wohlfuehlen.li\/wp-content\/uploads\/2015\/07\/Zertifikat-Klassische-Massage.jpeg\"><img loading=\"lazy\" decoding=\"async\" class=\"image_left alignleft wp-image-175 size-medium\" src=\"http:\/\/wohlfuehlen.li\/wp-content\/uploads\/2015\/07\/Zertifikat-Klassische-Massage-218x300.jpeg\" alt=\"Zertifikat Klassische Massage\" width=\"218\" height=\"300\" srcset=\"https:\/\/www.wohlfuehlen.li\/wp-content\/uploads\/2015\/07\/Zertifikat-Klassische-Massage-218x300.jpeg 218w, https:\/\/www.wohlfuehlen.li\/wp-content\/uploads\/2015\/07\/Zertifikat-Klassische-Massage-745x1024.jpeg 745w, https:\/\/www.wohlfuehlen.li\/wp-content\/uploads\/2015\/07\/Zertifikat-Klassische-Massage.jpeg 1700w\" sizes=\"auto, (max-width: 218px) 100vw, 218px\" \/><\/a><a href=\"http:\/\/wohlfuehlen.li\/wp-content\/uploads\/2015\/07\/Zertifikat-Schulmedizinische-Grundlagen.jpeg\"><img loading=\"lazy\" decoding=\"async\" class=\"image_left alignleft wp-image-181 size-medium\" src=\"http:\/\/wohlfuehlen.li\/wp-content\/uploads\/2015\/07\/Zertifikat-Schulmedizinische-Grundlagen-218x300.jpeg\" alt=\"Zertifikat Schulmedizinische Grundlagen\" width=\"218\" height=\"300\" srcset=\"https:\/\/www.wohlfuehlen.li\/wp-content\/uploads\/2015\/07\/Zertifikat-Schulmedizinische-Grundlagen-218x300.jpeg 218w, https:\/\/www.wohlfuehlen.li\/wp-content\/uploads\/2015\/07\/Zertifikat-Schulmedizinische-Grundlagen-745x1024.jpeg 745w, https:\/\/www.wohlfuehlen.li\/wp-content\/uploads\/2015\/07\/Zertifikat-Schulmedizinische-Grundlagen.jpeg 1700w\" sizes=\"auto, (max-width: 218px) 100vw, 218px\" \/><\/a><a href=\"http:\/\/wohlfuehlen.li\/wp-content\/uploads\/2015\/07\/Zertifikat-Dorn-Breuss-Kurs.jpeg\"><img loading=\"lazy\" decoding=\"async\" class=\"image_left alignleft wp-image-172 size-medium\" src=\"http:\/\/wohlfuehlen.li\/wp-content\/uploads\/2015\/07\/Zertifikat-Dorn-Breuss-Kurs-218x300.jpeg\" alt=\"Zertifikat Dorn-Breuss-Kurs\" width=\"218\" height=\"300\" srcset=\"https:\/\/www.wohlfuehlen.li\/wp-content\/uploads\/2015\/07\/Zertifikat-Dorn-Breuss-Kurs-218x300.jpeg 218w, https:\/\/www.wohlfuehlen.li\/wp-content\/uploads\/2015\/07\/Zertifikat-Dorn-Breuss-Kurs-745x1024.jpeg 745w, https:\/\/www.wohlfuehlen.li\/wp-content\/uploads\/2015\/07\/Zertifikat-Dorn-Breuss-Kurs.jpeg 1700w\" sizes=\"auto, (max-width: 218px) 100vw, 218px\" \/><\/a><a href=\"http:\/\/wohlfuehlen.li\/wp-content\/uploads\/2015\/07\/Zertifikat-Lehrgang-Bachblueten-1.jpeg\"><img loading=\"lazy\" decoding=\"async\" class=\"image_left alignleft wp-image-197 size-medium\" src=\"http:\/\/wohlfuehlen.li\/wp-content\/uploads\/2015\/07\/Zertifikat-Lehrgang-Bachblueten-1-218x300.jpeg\" alt=\"Zertifikat Lehrgang Bachblueten 1\" width=\"218\" height=\"300\" srcset=\"https:\/\/www.wohlfuehlen.li\/wp-content\/uploads\/2015\/07\/Zertifikat-Lehrgang-Bachblueten-1-218x300.jpeg 218w, https:\/\/www.wohlfuehlen.li\/wp-content\/uploads\/2015\/07\/Zertifikat-Lehrgang-Bachblueten-1-745x1024.jpeg 745w, https:\/\/www.wohlfuehlen.li\/wp-content\/uploads\/2015\/07\/Zertifikat-Lehrgang-Bachblueten-1.jpeg 1700w\" sizes=\"auto, (max-width: 218px) 100vw, 218px\" \/><\/a><\/p>\n<p>&nbsp;<\/p>\n<p>&nbsp;<\/p>\n<p>&nbsp;<\/p>\n<p>&nbsp;<\/p>\n<p>&nbsp;<\/p>\n<p>&nbsp;<\/p>\n<p>&nbsp;<\/p>\n<p><a href=\"http:\/\/www.wohlfuehlen.li\/wp-content\/uploads\/2015\/07\/Zertifikat-Lehrgangbestaetigung-Schulmedizin-Teil-1.jpeg\"><img loading=\"lazy\" decoding=\"async\" class=\"image_left alignleft wp-image-207 size-medium\" src=\"http:\/\/www.wohlfuehlen.li\/wp-content\/uploads\/2015\/07\/Zertifikat-Lehrgangbestaetigung-Schulmedizin-Teil-1-218x300.jpeg\" alt=\"Zertifikat Lehrgangbestaetigung Schulmedizin Teil 1\" width=\"218\" height=\"300\" srcset=\"https:\/\/www.wohlfuehlen.li\/wp-content\/uploads\/2015\/07\/Zertifikat-Lehrgangbestaetigung-Schulmedizin-Teil-1-218x300.jpeg 218w, https:\/\/www.wohlfuehlen.li\/wp-content\/uploads\/2015\/07\/Zertifikat-Lehrgangbestaetigung-Schulmedizin-Teil-1-745x1024.jpeg 745w, https:\/\/www.wohlfuehlen.li\/wp-content\/uploads\/2015\/07\/Zertifikat-Lehrgangbestaetigung-Schulmedizin-Teil-1.jpeg 1700w\" sizes=\"auto, (max-width: 218px) 100vw, 218px\" \/><\/a><\/p>\n<p><a href=\"http:\/\/www.wohlfuehlen.li\/wp-content\/uploads\/2015\/07\/Zertifikat-Lehrgangbestaetigung-Schulmedizin-Teil-2.jpeg\"><img loading=\"lazy\" decoding=\"async\" class=\"image_left alignleft wp-image-208 size-medium\" src=\"http:\/\/www.wohlfuehlen.li\/wp-content\/uploads\/2015\/07\/Zertifikat-Lehrgangbestaetigung-Schulmedizin-Teil-2-218x300.jpeg\" alt=\"Zertifikat Lehrgangbestaetigung Schulmedizin Teil 2\" width=\"218\" height=\"300\" srcset=\"https:\/\/www.wohlfuehlen.li\/wp-content\/uploads\/2015\/07\/Zertifikat-Lehrgangbestaetigung-Schulmedizin-Teil-2-218x300.jpeg 218w, https:\/\/www.wohlfuehlen.li\/wp-content\/uploads\/2015\/07\/Zertifikat-Lehrgangbestaetigung-Schulmedizin-Teil-2-745x1024.jpeg 745w, https:\/\/www.wohlfuehlen.li\/wp-content\/uploads\/2015\/07\/Zertifikat-Lehrgangbestaetigung-Schulmedizin-Teil-2.jpeg 1700w\" sizes=\"auto, (max-width: 218px) 100vw, 218px\" \/><\/a><a href=\"http:\/\/www.wohlfuehlen.li\/wp-content\/uploads\/2015\/07\/Zertifikat-Lehrgangbestaetigung-Klassische-Massage.jpeg\"><img loading=\"lazy\" decoding=\"async\" class=\"image_left alignleft wp-image-203 size-medium\" src=\"http:\/\/www.wohlfuehlen.li\/wp-content\/uploads\/2015\/07\/Zertifikat-Lehrgangbestaetigung-Klassische-Massage-218x300.jpeg\" alt=\"Zertifikat Lehrgangbestaetigung Klassische Massage\" width=\"218\" height=\"300\" srcset=\"https:\/\/www.wohlfuehlen.li\/wp-content\/uploads\/2015\/07\/Zertifikat-Lehrgangbestaetigung-Klassische-Massage-218x300.jpeg 218w, https:\/\/www.wohlfuehlen.li\/wp-content\/uploads\/2015\/07\/Zertifikat-Lehrgangbestaetigung-Klassische-Massage-745x1024.jpeg 745w, https:\/\/www.wohlfuehlen.li\/wp-content\/uploads\/2015\/07\/Zertifikat-Lehrgangbestaetigung-Klassische-Massage.jpeg 1700w\" sizes=\"auto, (max-width: 218px) 100vw, 218px\" \/><\/a><a href=\"http:\/\/www.wohlfuehlen.li\/wp-content\/uploads\/2015\/07\/Zertifikat-Lehrgangbestaetigung-Fussreflexzonenmassage.jpeg\"><img loading=\"lazy\" decoding=\"async\" class=\"image_left alignleft wp-image-202 size-medium\" src=\"http:\/\/www.wohlfuehlen.li\/wp-content\/uploads\/2015\/07\/Zertifikat-Lehrgangbestaetigung-Fussreflexzonenmassage-218x300.jpeg\" alt=\"Zertifikat Lehrgangbestaetigung Fussreflexzonenmassage\" width=\"218\" height=\"300\" srcset=\"https:\/\/www.wohlfuehlen.li\/wp-content\/uploads\/2015\/07\/Zertifikat-Lehrgangbestaetigung-Fussreflexzonenmassage-218x300.jpeg 218w, https:\/\/www.wohlfuehlen.li\/wp-content\/uploads\/2015\/07\/Zertifikat-Lehrgangbestaetigung-Fussreflexzonenmassage-745x1024.jpeg 745w, https:\/\/www.wohlfuehlen.li\/wp-content\/uploads\/2015\/07\/Zertifikat-Lehrgangbestaetigung-Fussreflexzonenmassage.jpeg 1700w\" sizes=\"auto, (max-width: 218px) 100vw, 218px\" \/><\/a><\/p>\n<p>&nbsp;<\/p>\n<p>&nbsp;<\/p>\n<p>&nbsp;<\/p>\n<p>&nbsp;<\/p>\n<p>&nbsp;<\/p>\n<p>&nbsp;<\/p>\n<p>&nbsp;<\/p>\n<p>&nbsp;<\/p>\n<p>&nbsp;<\/p>\n<p>&nbsp;<\/p>\n<p>&nbsp;<\/p>\n<p>&nbsp;<\/p>\n<p>&nbsp;<\/p>\n<p>&nbsp;<\/p>\n<p>&nbsp;<\/p>\n<p>&nbsp;<\/p>\n<p><strong>Fusspflege-Pedicure<br \/>\n<\/strong>Daniel Gehrer Fachschule Fusspflege-Pedicure, 8820 W\u00e4denswil<\/p>\n<p><a href=\"http:\/\/wohlfuehlen.li\/wp-content\/uploads\/2015\/07\/Zertifikat-Fusspflegerin.jpeg\"><img loading=\"lazy\" decoding=\"async\" class=\"image_left alignleft wp-image-173 size-medium\" src=\"http:\/\/wohlfuehlen.li\/wp-content\/uploads\/2015\/07\/Zertifikat-Fusspflegerin-218x300.jpeg\" alt=\"Zertifikat Fusspflegerin\" width=\"218\" height=\"300\" srcset=\"https:\/\/www.wohlfuehlen.li\/wp-content\/uploads\/2015\/07\/Zertifikat-Fusspflegerin-218x300.jpeg 218w, https:\/\/www.wohlfuehlen.li\/wp-content\/uploads\/2015\/07\/Zertifikat-Fusspflegerin-745x1024.jpeg 745w, https:\/\/www.wohlfuehlen.li\/wp-content\/uploads\/2015\/07\/Zertifikat-Fusspflegerin.jpeg 1700w\" sizes=\"auto, (max-width: 218px) 100vw, 218px\" \/><\/a><\/p>\n<p>&nbsp;<\/p>\n<p>&nbsp;<\/p>\n<p>&nbsp;<\/p>\n<p>&nbsp;<\/p>\n<p>&nbsp;<\/p>\n<p>&nbsp;<\/p>\n<p>&nbsp;<\/p>\n<p>&nbsp;<\/p>\n<p>&nbsp;<\/p>\n<p><strong>Gewerbebewilligung<\/strong><\/p>\n<p><a href=\"http:\/\/wohlfuehlen.li\/wp-content\/uploads\/2015\/07\/Gewerbebewilligung1.jpeg\"><img loading=\"lazy\" decoding=\"async\" class=\"image_left alignleft wp-image-210 size-medium\" src=\"http:\/\/wohlfuehlen.li\/wp-content\/uploads\/2015\/07\/Gewerbebewilligung1-218x300.jpeg\" alt=\"Gewerbebewilligung\" width=\"218\" height=\"300\" srcset=\"https:\/\/www.wohlfuehlen.li\/wp-content\/uploads\/2015\/07\/Gewerbebewilligung1-218x300.jpeg 218w, https:\/\/www.wohlfuehlen.li\/wp-content\/uploads\/2015\/07\/Gewerbebewilligung1-745x1024.jpeg 745w, https:\/\/www.wohlfuehlen.li\/wp-content\/uploads\/2015\/07\/Gewerbebewilligung1.jpeg 1700w\" sizes=\"auto, (max-width: 218px) 100vw, 218px\" \/><br \/>\n<\/a><\/p>\n<p>&nbsp;<\/p>\n<p>&nbsp;<\/p>\n<p>&nbsp;<\/p>\n<p>&nbsp;<\/p>\n<p>&nbsp;<\/p>\n<p>&nbsp;<\/p>\n<p>&nbsp;<\/p>\n<p>&nbsp;<\/p>\n<p><strong><a href=\"http:\/\/www.emindex.ch\/hp\/home.las?s=karoline.nideroest-ott\" target=\"_blank\">Krankenkassenanerkennung (EMR \u2013 Qualit\u00e4tslabel)<\/a>\u00a0<\/strong>(per Klick gelangen Sie zum EMR-Index)<\/p>\n<p>&nbsp;<\/p>\n<p><a href=\"http:\/\/www.wohlfuehlen.li\/wp-content\/uploads\/2015\/07\/EMR-Qualitaetslabel1.jpeg\"><img loading=\"lazy\" decoding=\"async\" class=\"image_left alignleft wp-image-254 size-medium\" src=\"http:\/\/www.wohlfuehlen.li\/wp-content\/uploads\/2015\/07\/EMR-Qualitaetslabel1-218x300.jpeg\" alt=\"EMR Qualitaetslabel\" width=\"218\" height=\"300\" srcset=\"https:\/\/www.wohlfuehlen.li\/wp-content\/uploads\/2015\/07\/EMR-Qualitaetslabel1-218x300.jpeg 218w, https:\/\/www.wohlfuehlen.li\/wp-content\/uploads\/2015\/07\/EMR-Qualitaetslabel1-745x1024.jpeg 745w, https:\/\/www.wohlfuehlen.li\/wp-content\/uploads\/2015\/07\/EMR-Qualitaetslabel1.jpeg 1700w\" sizes=\"auto, (max-width: 218px) 100vw, 218px\" \/><\/a><\/p>\n<p>&nbsp;<\/p>\n<p>&nbsp;<\/p>\n<p>&nbsp;<\/p>\n<p>&nbsp;<\/p>\n<p>&nbsp;<\/p>\n<p>&nbsp;<\/p>\n<p>&nbsp;<\/p>\n<p>&nbsp;<\/p>\n<p>&nbsp;<\/p>\n<p>&nbsp;<\/p>\n<p><strong><a href=\"http:\/\/www.sfpv.ch\/index.php\/gewusst-wo\/karte-fusspfleger-sfpv\" target=\"_blank\">Mitglied beim Schweizerischen Fusspflegeverband (SFPV)<\/a>\u00a0<\/strong>(per Klick gelangen Sie zum SFPV-Mitglieder-Index)<\/p>\n<p><a href=\"http:\/\/www.wohlfuehlen.li\/wp-content\/uploads\/2015\/07\/Diplom-Fusspflege-Pedicure.jpg\"><img loading=\"lazy\" decoding=\"async\" class=\"image_left alignleft wp-image-247 size-medium\" src=\"http:\/\/www.wohlfuehlen.li\/wp-content\/uploads\/2015\/07\/Diplom-Fusspflege-Pedicure-205x300.jpg\" alt=\"Diplom Fusspflege-Pedicure\" width=\"205\" height=\"300\" srcset=\"https:\/\/www.wohlfuehlen.li\/wp-content\/uploads\/2015\/07\/Diplom-Fusspflege-Pedicure-205x300.jpg 205w, https:\/\/www.wohlfuehlen.li\/wp-content\/uploads\/2015\/07\/Diplom-Fusspflege-Pedicure-700x1024.jpg 700w, https:\/\/www.wohlfuehlen.li\/wp-content\/uploads\/2015\/07\/Diplom-Fusspflege-Pedicure.jpg 1449w\" sizes=\"auto, (max-width: 205px) 100vw, 205px\" \/><\/a><\/p>\n<p>&nbsp;<\/p>\n","protected":false},"excerpt":{"rendered":"<p>Dipl. Gesundheitsmasseurin \/ Dipl. Fusspflegerin SFPV \/ Dipl. ganzheitliche K\u00f6rperpflegerin nach Dr. h. c. Peter Jentschura &nbsp; &#8222;Ich heisse Karoline Nider\u00f6st-Ott, geboren und aufgewachsen in Schaan. Schon seit der Jugend ist Wellness mein Wegbegleiter. Der Wunsch im Wellnessbereich einen Beruf zu erlernen wurde in den letzten Jahren immer gr\u00f6sser. Im\u00a0Jahr 2013 habe ich mit diversen [&hellip;]<\/p>\n","protected":false},"author":1,"featured_media":0,"parent":0,"menu_order":3,"comment_status":"open","ping_status":"open","template":"","meta":{"footnotes":""},"class_list":["post-18","page","type-page","status-publish","hentry"],"_links":{"self":[{"href":"https:\/\/www.wohlfuehlen.li\/index.php?rest_route=\/wp\/v2\/pages\/18","targetHints":{"allow":["GET"]}}],"collection":[{"href":"https:\/\/www.wohlfuehlen.li\/index.php?rest_route=\/wp\/v2\/pages"}],"about":[{"href":"https:\/\/www.wohlfuehlen.li\/index.php?rest_route=\/wp\/v2\/types\/page"}],"author":[{"embeddable":true,"href":"https:\/\/www.wohlfuehlen.li\/index.php?rest_route=\/wp\/v2\/users\/1"}],"replies":[{"embeddable":true,"href":"https:\/\/www.wohlfuehlen.li\/index.php?rest_route=%2Fwp%2Fv2%2Fcomments&post=18"}],"version-history":[{"count":61,"href":"https:\/\/www.wohlfuehlen.li\/index.php?rest_route=\/wp\/v2\/pages\/18\/revisions"}],"predecessor-version":[{"id":367,"href":"https:\/\/www.wohlfuehlen.li\/index.php?rest_route=\/wp\/v2\/pages\/18\/revisions\/367"}],"wp:attachment":[{"href":"https:\/\/www.wohlfuehlen.li\/index.php?rest_route=%2Fwp%2Fv2%2Fmedia&parent=18"}],"curies":[{"name":"wp","href":"https:\/\/api.w.org\/{rel}","templated":true}]}}